{"id":43,"date":"2014-02-24T22:38:57","date_gmt":"2014-02-24T21:38:57","guid":{"rendered":"http:\/\/webkatic.com\/zupa\/?page_id=43"},"modified":"2023-08-27T22:19:58","modified_gmt":"2023-08-27T20:19:58","slug":"povijest-zupe","status":"publish","type":"page","link":"https:\/\/zupajelah.ba\/?page_id=43","title":{"rendered":"Povijest \u017eupe"},"content":{"rendered":"<table border=\"0\" width=\"960\" cellspacing=\"0\" cellpadding=\"0\">\n<tbody>\n<tr>\n<td colspan=\"3\">Jelah, \u017eupa sv. Ivana Krstitelja (Vrhbosanska nadbiskupija, Usorski dekanat, op\u0107ina Te\u0161anj)<\/p>\n<p style=\"text-align: justify;\">U Te\u0161nju je postojala crkva sv. Jurja i franjeva\u010dki samostan. Papa Pio II. podijelio je 25. o\u017eujka 1462. godine oproste vjernicima koji, u odre\u0111ene dane, posjete &#8220;ecclesiam S. Georgii in Thesagi, ordinis S. Francisci&#8221;. Sagradio ju je Radivoj Kristi\u0107, Osmanlije su grad zauzeli prije 1489. godine.U izvje\u0161\u0107u iz 1650. godine (o pohodu Bosni izme\u0111u 1645. i 1650. godine) poslanom Svetom zboru za \u0161irenje vjere u Rim, biskup fra Marijan Maravi\u0107 navodi da grad Te\u0161anj (Tescag) ima 300 turskih ku\u0107a i 3 d\u017eamije.Prema popisu biskupa fra Augustina Mileti\u0107a iz 1813. godine u \u017eupi Siv\u0161a izme\u0111u ostalih mjesta navode se i mjesta: Te\u0161anj (grad) i Vukovo, s ukupno 18 katoli\u010dkih ku\u0107a i 106 katolika, a od toga je bilo 59 odraslih osoba i 47 djece.<\/p>\n<p style=\"text-align: justify;\">Dekretom Nadbiskupskog ordinarijata vrhbosanskog br. 2084\/75. od 16. prosinca 1975. godine, utemeljena je \u017eupa Jelah. Do tada je Jelah bio samostalna kapelanija \u017eupe \u017dabljak. Novoj \u017eupi pripojeno je 25 doma\u0107instava iz zaseoka Neta\u010da, \u017eupa Siv\u0161a.<\/p>\n<p style=\"text-align: justify;\">Gradnja crkve sa zvonikom po\u010dela je 1969.god., a kamen temeljac blagoslovljen je tek 6. listopada 1972. godine. Tada je crkva posve\u0107ena.<\/p>\n<p style=\"text-align: justify;\">U Te\u0161nju se nalazi podru\u010dna crkva sv.Petra i Pavla, sagra\u0111ena 1898. godine, a temeljito je obnovljena izme\u0111u 1998. i 2002. godine. Vodi se u registru spomenika na teritoriji op\u0107ine Te\u0161anj i Zavoda za za\u0161titu kulturno-historijskog i prirodnog naslje\u0111a Bosne i Hercegovine.<\/p>\n<p style=\"text-align: justify;\">U \u017eupi Jelah od 28. srpnja 1980.godine djeluju \u010dasne sestre K\u0107eri Bo\u017eje ljubavi.<\/p>\n<p style=\"text-align: justify;\">\u017dupom upravlja dijacezanski sve\u0107enik, a \u010dine je naselja: Bukva, Cerovac, Donja Neta\u010da, Jelah, Jelah Polje, Jevad\u017eije, Krndija, Radu\u0161a, Rosulje, Te\u0161anj, Tugovi\u0107i i Vukovo.<\/p>\n<p style=\"text-align: justify;\">Od 1906. do 1944. godine na podru\u010dju Te\u0161nja djelovalo je povjerenstvo, a zatim podru\u017enica Hrvatskog kulturnog dru\u0161tva Napredak. Djelovanje podru\u017enice HKD-a Napredak obnovljeno je 1991. godine.<\/p>\n<p style=\"text-align: justify;\">\u017dUPNICI \u017dupe Jelah:<\/p>\n<p style=\"text-align: justify;\">&#8211;od osnutka \u017dupe Jelah do listopada 1978.godine \u017eupnik je bio vl\u010d.Ivan Bo\u0161njak;<\/p>\n<p style=\"text-align: justify;\">&#8211;od listopada 1978.godine do svibnja 1979.godine \u017eupnik je bio vl\u010d.Josip \u0160u\u0161ak;<\/p>\n<p style=\"text-align: justify;\">&#8211;od svibnja 1979.godine do 30.5.1988.godine \u017eupnik je bio vl\u010d.Jure Gavrani\u0107;<\/p>\n<p style=\"text-align: justify;\">&#8211;od svibnja 1988.godine do 20.8.1991.godine \u017eupnik je bio vl\u010d.Simo Janji\u0107;<\/p>\n<p style=\"text-align: justify;\">&#8211;od kolovoza 1991.godine do 16.55.2013.godine ponovno je \u017eupnik vl\u010d.Ivan Bo\u0161njak;<\/p>\n<p style=\"text-align: justify;\">&#8211;od 16.5.2013.godine do 20.7.2023.godine \u017eupnik je bio vl\u010d.Ilija Marinovi\u0107.<\/p>\n<p>\u2014od 20.7.2023.godine \u017eupnik je vl\u010d.Anto Dominkovi\u0107<\/td>\n<\/tr>\n<tr>\n<td colspan=\"3\"><\/td>\n<\/tr>\n<tr>\n<td><\/td>\n<td><\/td>\n<td><\/td>\n<\/tr>\n<\/tbody>\n<\/table>\n","protected":false},"excerpt":{"rendered":"<p>Jelah, \u017eupa sv. Ivana Krstitelja (Vrhbosanska nadbiskupija, Usorski dekanat, op\u0107ina Te\u0161anj) U Te\u0161nju je postojala crkva sv. Jurja i franjeva\u010dki samostan. Papa Pio II. podijelio je 25. o\u017eujka 1462. godine<\/p>\n","protected":false},"author":1,"featured_media":0,"parent":12,"menu_order":0,"comment_status":"closed","ping_status":"open","template":"","meta":{"footnotes":""},"class_list":["post-43","page","type-page","status-publish","hentry"],"_links":{"self":[{"href":"https:\/\/zupajelah.ba\/index.php?rest_route=\/wp\/v2\/pages\/43","targetHints":{"allow":["GET"]}}],"collection":[{"href":"https:\/\/zupajelah.ba\/index.php?rest_route=\/wp\/v2\/pages"}],"about":[{"href":"https:\/\/zupajelah.ba\/index.php?rest_route=\/wp\/v2\/types\/page"}],"author":[{"embeddable":true,"href":"https:\/\/zupajelah.ba\/index.php?rest_route=\/wp\/v2\/users\/1"}],"replies":[{"embeddable":true,"href":"https:\/\/zupajelah.ba\/index.php?rest_route=%2Fwp%2Fv2%2Fcomments&post=43"}],"version-history":[{"count":14,"href":"https:\/\/zupajelah.ba\/index.php?rest_route=\/wp\/v2\/pages\/43\/revisions"}],"predecessor-version":[{"id":3739,"href":"https:\/\/zupajelah.ba\/index.php?rest_route=\/wp\/v2\/pages\/43\/revisions\/3739"}],"up":[{"embeddable":true,"href":"https:\/\/zupajelah.ba\/index.php?rest_route=\/wp\/v2\/pages\/12"}],"wp:attachment":[{"href":"https:\/\/zupajelah.ba\/index.php?rest_route=%2Fwp%2Fv2%2Fmedia&parent=43"}],"curies":[{"name":"wp","href":"https:\/\/api.w.org\/{rel}","templated":true}]}}